{"id":153,"date":"2019-11-14T13:48:47","date_gmt":"2019-11-14T13:48:47","guid":{"rendered":"https:\/\/skilltrainingcertificaciones.cl\/index.php\/contact\/"},"modified":"2025-02-19T23:25:06","modified_gmt":"2025-02-19T23:25:06","slug":"contacto","status":"publish","type":"page","link":"https:\/\/skilltrainingcertificaciones.cl\/index.php\/contacto\/","title":{"rendered":"Contacto"},"content":{"rendered":"<!--themify_builder_content-->\n<div id=\"themify_builder_content-153\" data-postid=\"153\" class=\"themify_builder_content themify_builder_content-153 themify_builder tf_clear\">\n                    <div  data-lazy=\"1\" class=\"module_row themify_builder_row tb_ikh0261 tb_first tf_w\">\n            <span class=\"builder_row_cover tf_abs\"><\/span>            <div class=\"row_inner col_align_top tb_col_count_2 tf_box tf_rel\">\n                        <div  data-lazy=\"1\" class=\"module_column tb-column col3-2 tb_p3yk263 first\">\n                    <!-- module text -->\n<div  class=\"module module-text tb_6dr1263   \" data-lazy=\"1\">\n        <div  class=\"tb_text_wrap\">\n        <h1>ContacTO<\/h1>    <\/div>\n<\/div>\n<!-- \/module text -->        <\/div>\n                    <div  data-lazy=\"1\" class=\"module_column tb-column col3-1 tb_3psa264 last\">\n                            <\/div>\n                        <\/div>\n        <\/div>\n                        <div  data-lazy=\"1\" class=\"module_row themify_builder_row tb_ig3q460 tf_w\">\n                        <div class=\"row_inner col_align_top tb_col_count_1 tf_box tf_rel\">\n                        <div  data-lazy=\"1\" class=\"module_column tb-column col-full tb_2u8l460 first\">\n                            <div  data-lazy=\"1\" class=\"module_subrow themify_builder_sub_row tf_w col_align_bottom tb_col_count_2 tb_e5rh667\">\n                <div  data-lazy=\"1\" class=\"module_column sub_column col3-1 tb_0by6669 first\">\n                    <!-- module text -->\n<div  class=\"module module-text tb_zu8k332   \" data-lazy=\"1\">\n        <div  class=\"tb_text_wrap\">\n        <h3>Direcci\u00f3n<\/h3>    <\/div>\n<\/div>\n<!-- \/module text -->        <\/div>\n                    <div  data-lazy=\"1\" class=\"module_column sub_column col3-2 tb_xgaj669 last\">\n                    <!-- module text -->\n<div  class=\"module module-text tb_z9tq778   \" data-lazy=\"1\">\n        <div  class=\"tb_text_wrap\">\n        <h3>Informaci\u00f3n de Contacto<\/h3>    <\/div>\n<\/div>\n<!-- \/module text --><!-- module text -->\n<div  class=\"module module-text tb_7drq954   \" data-lazy=\"1\">\n        <div  class=\"tb_text_wrap\">\n        <p>Jos\u00e9 Manuel Infante 1987,<br>\u00d1u\u00f1oa \u2013 Santiago Chile<\/p>    <\/div>\n<\/div>\n<!-- \/module text -->        <\/div>\n                    <\/div>\n                <div  data-lazy=\"1\" class=\"module_subrow themify_builder_sub_row tf_w col_align_top tb_col_count_2 tb_vuw5711\">\n                <div  data-lazy=\"1\" class=\"module_column sub_column col3-1 tb_t9ky641 first\">\n                    <!-- module text -->\n<div  class=\"module module-text tb_299s643   \" data-lazy=\"1\">\n        <div  class=\"tb_text_wrap\">\n        <h3>Tel\u00e9fono<\/h3>    <\/div>\n<\/div>\n<!-- \/module text -->        <\/div>\n                    <div  data-lazy=\"1\" class=\"module_column sub_column col3-2 tb_7ng3714 last\">\n                    <!-- module text -->\n<div  class=\"module module-text tb_i5za715   \" data-lazy=\"1\">\n        <div  class=\"tb_text_wrap\">\n        <p>+569 8901 8672\u00a0<\/p>    <\/div>\n<\/div>\n<!-- \/module text -->        <\/div>\n                    <\/div>\n                <div  data-lazy=\"1\" class=\"module_subrow themify_builder_sub_row tf_w col_align_top tb_col_count_2 tb_pk0i61\">\n                <div  data-lazy=\"1\" class=\"module_column sub_column col3-1 tb_2g6a62 first\">\n                    <!-- module text -->\n<div  class=\"module module-text tb_yl3g63   \" data-lazy=\"1\">\n        <div  class=\"tb_text_wrap\">\n        <h3>Email<\/h3>    <\/div>\n<\/div>\n<!-- \/module text -->        <\/div>\n                    <div  data-lazy=\"1\" class=\"module_column sub_column col3-2 tb_kid263 last\">\n                    <!-- module icon -->\n<div  class=\"module module-icon tb_b917376   none icon_horizontal \" data-lazy=\"1\">\n            <div class=\"module-icon-item\">\n                            <a href=\"mailto:trainingcertificacionesskill@gmail.com\">\n                                                                    <em class=\"tf_box\"><svg  class=\"tf_fa tf-ti-email\" aria-hidden=\"true\"><use href=\"#tf-ti-email\"><\/use><\/svg><\/em>\n                                                                            <span>trainingcertificacionesskill@gmail.com<\/span>\n                                                                    <\/a>\n                    <\/div>\n    <\/div>\n<!-- \/module icon -->\n<!-- module icon -->\n<div  class=\"module module-icon tb_ypej272   none icon_horizontal \" data-lazy=\"1\">\n            <div class=\"module-icon-item\">\n                            <a href=\"mailto:info@skilltrainingcertificaciones.cl\">\n                                                                    <em class=\"tf_box\"><svg  class=\"tf_fa tf-ti-email\" aria-hidden=\"true\"><use href=\"#tf-ti-email\"><\/use><\/svg><\/em>\n                                                                            <span>info@skilltrainingcertificaciones.cl<\/span>\n                                                                    <\/a>\n                    <\/div>\n    <\/div>\n<!-- \/module icon -->\n        <\/div>\n                    <\/div>\n                <div  data-lazy=\"1\" class=\"module_subrow themify_builder_sub_row tf_w col_align_top tb_col_count_2 tb_cvne90\">\n                <div  data-lazy=\"1\" class=\"module_column sub_column col3-1 tb_m40c92 first\">\n                    <!-- module text -->\n<div  class=\"module module-text tb_8x8793   \" data-lazy=\"1\">\n        <div  class=\"tb_text_wrap\">\n        <h3>Social Media<\/h3>    <\/div>\n<\/div>\n<!-- \/module text -->        <\/div>\n                    <div  data-lazy=\"1\" class=\"module_column sub_column col3-2 tb_1iur93 last\">\n                    <!-- module icon -->\n<div  class=\"module module-icon tb_n99f94   none icon_vertical \" data-lazy=\"1\">\n            <div class=\"module-icon-item\">\n                            <a href=\"https:\/\/www.instagram.com\/Skilltraining2025\">\n                                                                    <em class=\"tf_box\"><svg  class=\"tf_fa tf-ti-instagram\" aria-hidden=\"true\"><use href=\"#tf-ti-instagram\"><\/use><\/svg><\/em>\n                                                                            <span>Instagram<\/span>\n                                                                    <\/a>\n                    <\/div>\n    <\/div>\n<!-- \/module icon -->\n        <\/div>\n                    <\/div>\n                <div  data-lazy=\"1\" class=\"module_subrow themify_builder_sub_row tf_w col_align_top tb_col_count_1 tb_urmw468\">\n                <div  data-lazy=\"1\" class=\"module_column sub_column tb_r93u351 first\">\n                            <\/div>\n                    <\/div>\n                <\/div>\n                        <\/div>\n        <\/div>\n                        <div  data-lazy=\"1\" class=\"module_row themify_builder_row tb_lppw201 tf_w\">\n                        <div class=\"row_inner col_align_top tb_col_count_1 tf_box tf_rel\">\n                        <div  data-lazy=\"1\" class=\"module_column tb-column col-full tb_mdi6203 first\">\n                    <!-- module image -->\n<div  class=\"module module-image tb_lfng927 image-top   tf_mw\" data-lazy=\"1\">\n        <div class=\"image-wrap tf_rel tf_mw\">\n            <img loading=\"lazy\" decoding=\"async\" src=\"https:\/\/skilltrainingcertificaciones.cl\/wp-content\/uploads\/2025\/02\/map2-1024x378-1160x428.jpg\" width=\"1160\" height=\"428\" class=\"wp-post-image wp-image-381\" title=\"map2\" alt=\"map2\" srcset=\"https:\/\/skilltrainingcertificaciones.cl\/wp-content\/uploads\/2025\/02\/map2.jpg 1160w, https:\/\/skilltrainingcertificaciones.cl\/wp-content\/uploads\/2025\/02\/map2-300x111.jpg 300w, https:\/\/skilltrainingcertificaciones.cl\/wp-content\/uploads\/2025\/02\/map2-1024x378.jpg 1024w, https:\/\/skilltrainingcertificaciones.cl\/wp-content\/uploads\/2025\/02\/map2-768x283.jpg 768w\" sizes=\"auto, (max-width: 1160px) 100vw, 1160px\" \/>    \n        <\/div>\n    <!-- \/image-wrap -->\n    \n        <\/div>\n<!-- \/module image -->        <\/div>\n                        <\/div>\n        <\/div>\n                        <div  data-lazy=\"1\" class=\"module_row themify_builder_row tb_vz1v844 tf_w\">\n                        <div class=\"row_inner col_align_top tb_col_count_1 tf_box tf_rel\">\n                        <div  data-lazy=\"1\" class=\"module_column tb-column tb_nj1z853 first\">\n                            <\/div>\n                        <\/div>\n        <\/div>\n                        <div  data-lazy=\"1\" class=\"module_row themify_builder_row tb_e51v893 tf_w\">\n                        <div class=\"row_inner col_align_top tb_col_count_3 tf_box tf_rel\">\n                        <div  data-lazy=\"1\" class=\"module_column tb-column col3-1 tb_ci03894 first\">\n                            <\/div>\n                    <div  data-lazy=\"1\" class=\"module_column tb-column col3-1 tb_h87d894\">\n                    <!-- module text -->\n<div  class=\"module module-text tb_842d318   \" data-lazy=\"1\">\n        <div  class=\"tb_text_wrap\">\n        <h3 style=\"text-align: center;\">Formulario de\u00a0 Contacto<\/h3>    <\/div>\n<\/div>\n<!-- \/module text -->        <\/div>\n                    <div  data-lazy=\"1\" class=\"module_column tb-column col3-1 tb_t7b1894 last\">\n                            <\/div>\n                        <\/div>\n        <\/div>\n                        <div  data-lazy=\"1\" class=\"module_row themify_builder_row tb_l7f3951 tf_w\">\n                        <div class=\"row_inner col_align_top tb_col_count_3 tf_box tf_rel\">\n                        <div  data-lazy=\"1\" class=\"module_column tb-column col3-1 tb_z2lr951 first\">\n                            <\/div>\n                    <div  data-lazy=\"1\" class=\"module_column tb-column col3-1 tb_n4os951\">\n                    <!-- module widget -->\n<div  class=\"module module-widget tb_fcm2126  \" data-lazy=\"1\">\n    <div class=\"widget wpforms-widget\"><div class=\"wpforms-container wpforms-container-full wpforms-render-modern\" id=\"wpforms-681\"><form id=\"wpforms-form-681\" class=\"wpforms-validate wpforms-form wpforms-ajax-form\" data-formid=\"681\" method=\"post\" enctype=\"multipart\/form-data\" action=\"\/index.php\/wp-json\/wp\/v2\/pages\/153\" data-token=\"63d71ca269b57192879a7851537fd8dd\" data-token-time=\"1775373549\"><noscript class=\"wpforms-error-noscript\">Por favor, activa JavaScript en tu navegador para completar este formulario.<\/noscript><div class=\"wpforms-hidden\" id=\"wpforms-error-noscript\">Por favor, activa JavaScript en tu navegador para completar este formulario.<\/div><div class=\"wpforms-field-container\"><div id=\"wpforms-681-field_1-container\" class=\"wpforms-field wpforms-field-name\" data-field-id=\"1\"><fieldset><legend class=\"wpforms-field-label\">Nombre <span class=\"wpforms-required-label\" aria-hidden=\"true\">*<\/span><\/legend><div class=\"wpforms-field-row wpforms-field-medium\"><div class=\"wpforms-field-row-block wpforms-first wpforms-one-half\"><input type=\"text\" id=\"wpforms-681-field_1\" class=\"wpforms-field-name-first wpforms-field-required\" name=\"wpforms[fields][1][first]\" aria-errormessage=\"wpforms-681-field_1-error\" required><label for=\"wpforms-681-field_1\" class=\"wpforms-field-sublabel after\">Nombre<\/label><\/div><div class=\"wpforms-field-row-block wpforms-one-half\"><input type=\"text\" id=\"wpforms-681-field_1-last\" class=\"wpforms-field-name-last wpforms-field-required\" name=\"wpforms[fields][1][last]\" aria-errormessage=\"wpforms-681-field_1-last-error\" required><label for=\"wpforms-681-field_1-last\" class=\"wpforms-field-sublabel after\">Apellidos<\/label><\/div><\/div><\/fieldset><\/div><div id=\"wpforms-681-field_2-container\" class=\"wpforms-field wpforms-field-email\" data-field-id=\"2\"><label class=\"wpforms-field-label\" for=\"wpforms-681-field_2\">Correo electr\u00f3nico <span class=\"wpforms-required-label\" aria-hidden=\"true\">*<\/span><\/label><input type=\"email\" id=\"wpforms-681-field_2\" class=\"wpforms-field-medium wpforms-field-required\" name=\"wpforms[fields][2]\" spellcheck=\"false\" aria-errormessage=\"wpforms-681-field_2-error\" required><\/div><div id=\"wpforms-681-field_3-container\" class=\"wpforms-field wpforms-field-textarea\" data-field-id=\"3\"><label class=\"wpforms-field-label\" for=\"wpforms-681-field_3\">Comentario o mensaje<\/label><textarea id=\"wpforms-681-field_3\" class=\"wpforms-field-medium\" name=\"wpforms[fields][3]\" aria-errormessage=\"wpforms-681-field_3-error\" ><\/textarea><\/div><\/div><!-- .wpforms-field-container --><div class=\"wpforms-submit-container\" ><input type=\"hidden\" name=\"wpforms[id]\" value=\"681\"><input type=\"hidden\" name=\"page_title\" value=\"\"><input type=\"hidden\" name=\"page_url\" value=\"https:\/\/skilltrainingcertificaciones.cl\/index.php\/wp-json\/wp\/v2\/pages\/153\"><button type=\"submit\" name=\"wpforms[submit]\" id=\"wpforms-submit-681\" class=\"wpforms-submit\" data-alt-text=\"Enviando...\" data-submit-text=\"Enviar\" aria-live=\"assertive\" value=\"wpforms-submit\">Enviar<\/button><img loading=\"lazy\" decoding=\"async\" src=\"https:\/\/skilltrainingcertificaciones.cl\/wp-content\/plugins\/wpforms\/assets\/images\/submit-spin.svg\" class=\"wpforms-submit-spinner\" style=\"display: none;\" width=\"26\" height=\"26\" alt=\"Cargando\"><\/div><\/form><\/div>  <!-- .wpforms-container --><\/div><\/div>\n<!-- \/module widget -->\n        <\/div>\n                    <div  data-lazy=\"1\" class=\"module_column tb-column col3-1 tb_zkki951 last\">\n                            <\/div>\n                        <\/div>\n        <\/div>\n        <\/div>\n<!--\/themify_builder_content-->","protected":false},"excerpt":{"rendered":"<p>ContacTO<\/p>\n","protected":false},"author":1,"featured_media":0,"parent":0,"menu_order":0,"comment_status":"closed","ping_status":"closed","template":"","meta":{"footnotes":""},"class_list":["post-153","page","type-page","status-publish","hentry","has-post-title","has-post-date","has-post-category","has-post-tag","has-post-comment","has-post-author",""],"builder_content":"<h1>ContacTO<\/h1>\n<h3>Direcci\u00f3n<\/h3>\n<h3>Informaci\u00f3n de Contacto<\/h3>\n<p>Jos\u00e9 Manuel Infante 1987,<br>\u00d1u\u00f1oa \u2013 Santiago Chile<\/p>\n<h3>Tel\u00e9fono<\/h3>\n<p>+569 8901 8672\u00a0<\/p>\n<h3>Email<\/h3>\n<a href=\"mailto:trainingcertificacionesskill@gmail.com\"> <em><svg aria-hidden=\"true\"><use href=\"#tf-ti-email\"><\/use><\/svg><\/em> trainingcertificacionesskill@gmail.com <\/a>\n<a href=\"mailto:info@skilltrainingcertificaciones.cl\"> <em><svg aria-hidden=\"true\"><use href=\"#tf-ti-email\"><\/use><\/svg><\/em> info@skilltrainingcertificaciones.cl <\/a>\n<h3>Social Media<\/h3>\n<a href=\"https:\/\/www.instagram.com\/Skilltraining2025\"> <em><svg aria-hidden=\"true\"><use href=\"#tf-ti-instagram\"><\/use><\/svg><\/em> Instagram <\/a>\n<img src=\"https:\/\/skilltrainingcertificaciones.cl\/wp-content\/uploads\/2025\/02\/map2-1024x378-1160x428.jpg\" width=\"1160\" height=\"428\" title=\"map2\" alt=\"map2\" srcset=\"https:\/\/skilltrainingcertificaciones.cl\/wp-content\/uploads\/2025\/02\/map2.jpg 1160w, https:\/\/skilltrainingcertificaciones.cl\/wp-content\/uploads\/2025\/02\/map2-300x111.jpg 300w, https:\/\/skilltrainingcertificaciones.cl\/wp-content\/uploads\/2025\/02\/map2-1024x378.jpg 1024w, https:\/\/skilltrainingcertificaciones.cl\/wp-content\/uploads\/2025\/02\/map2-768x283.jpg 768w\" sizes=\"(max-width: 1160px) 100vw, 1160px\" \/>\n<h3 style=\"text-align: center;\">Formulario de\u00a0 Contacto<\/h3>\n<form id=\"wpforms-form-681\" data-formid=\"681\" method=\"post\" enctype=\"multipart\/form-data\" action=\"\/index.php\/wp-json\/wp\/v2\/pages\/153\" data-token=\"63d71ca269b57192879a7851537fd8dd\" data-token-time=\"1775373549\"><noscript>Por favor, activa JavaScript en tu navegador para completar este formulario.<\/noscript>Por favor, activa JavaScript en tu navegador para completar este formulario.<fieldset><legend>Nombre *<\/legend><input type=\"text\" id=\"wpforms-681-field_1\" name=\"wpforms[fields][1][first]\" aria-errormessage=\"wpforms-681-field_1-error\" required><label for=\"wpforms-681-field_1\">Nombre<\/label><input type=\"text\" id=\"wpforms-681-field_1-last\" name=\"wpforms[fields][1][last]\" aria-errormessage=\"wpforms-681-field_1-last-error\" required><label for=\"wpforms-681-field_1-last\">Apellidos<\/label><\/fieldset><label for=\"wpforms-681-field_2\">Correo electr\u00f3nico *<\/label><input type=\"email\" id=\"wpforms-681-field_2\" name=\"wpforms[fields][2]\" spellcheck=\"false\" aria-errormessage=\"wpforms-681-field_2-error\" required><label for=\"wpforms-681-field_3\">Comentario o mensaje<\/label><textarea id=\"wpforms-681-field_3\" name=\"wpforms[fields][3]\" aria-errormessage=\"wpforms-681-field_3-error\" ><\/textarea><input type=\"hidden\" name=\"wpforms[id]\" value=\"681\"><input type=\"hidden\" name=\"page_title\" value=\"\"><input type=\"hidden\" name=\"page_url\" value=\"https:\/\/skilltrainingcertificaciones.cl\/index.php\/wp-json\/wp\/v2\/pages\/153\"><button type=\"submit\" name=\"wpforms[submit]\" id=\"wpforms-submit-681\" data-alt-text=\"Enviando...\" data-submit-text=\"Enviar\" aria-live=\"assertive\" value=\"wpforms-submit\">Enviar<\/button><img src=\"https:\/\/skilltrainingcertificaciones.cl\/wp-content\/plugins\/wpforms\/assets\/images\/submit-spin.svg\" style=\"display: none;\" width=\"26\" height=\"26\" alt=\"Cargando\"><\/form>","_links":{"self":[{"href":"https:\/\/skilltrainingcertificaciones.cl\/index.php\/wp-json\/wp\/v2\/pages\/153","targetHints":{"allow":["GET"]}}],"collection":[{"href":"https:\/\/skilltrainingcertificaciones.cl\/index.php\/wp-json\/wp\/v2\/pages"}],"about":[{"href":"https:\/\/skilltrainingcertificaciones.cl\/index.php\/wp-json\/wp\/v2\/types\/page"}],"author":[{"embeddable":true,"href":"https:\/\/skilltrainingcertificaciones.cl\/index.php\/wp-json\/wp\/v2\/users\/1"}],"replies":[{"embeddable":true,"href":"https:\/\/skilltrainingcertificaciones.cl\/index.php\/wp-json\/wp\/v2\/comments?post=153"}],"version-history":[{"count":49,"href":"https:\/\/skilltrainingcertificaciones.cl\/index.php\/wp-json\/wp\/v2\/pages\/153\/revisions"}],"predecessor-version":[{"id":763,"href":"https:\/\/skilltrainingcertificaciones.cl\/index.php\/wp-json\/wp\/v2\/pages\/153\/revisions\/763"}],"wp:attachment":[{"href":"https:\/\/skilltrainingcertificaciones.cl\/index.php\/wp-json\/wp\/v2\/media?parent=153"}],"curies":[{"name":"wp","href":"https:\/\/api.w.org\/{rel}","templated":true}]}}