{"id":151,"date":"2019-10-12T04:02:54","date_gmt":"2019-10-12T04:02:54","guid":{"rendered":"https:\/\/skilltrainingcertificaciones.cl\/index.php\/home\/"},"modified":"2025-02-19T23:21:09","modified_gmt":"2025-02-19T23:21:09","slug":"inicio-2","status":"publish","type":"page","link":"https:\/\/skilltrainingcertificaciones.cl\/","title":{"rendered":"Inicio"},"content":{"rendered":"<!--themify_builder_content-->\n<div id=\"themify_builder_content-151\" data-postid=\"151\" class=\"themify_builder_content themify_builder_content-151 themify_builder tf_clear\">\n                    <div  data-lazy=\"1\" class=\"module_row themify_builder_row tb_yjn371 tb_first tf_w\">\n            <span class=\"builder_row_cover tf_abs\"><\/span>            <div class=\"row_inner col_align_top tb_col_count_2 tf_box tf_rel\">\n                        <div  data-lazy=\"1\" class=\"module_column tb-column col3-2 tb_5xhu71 first\">\n                    <!-- module text -->\n<div  class=\"module module-text tb_9a4j71    hide-mobile\" data-lazy=\"1\">\n        <div  class=\"tb_text_wrap\">\n        <h1>\u00abCertifica tus habilidades maxifica tus oportunidades\u00bb<\/h1>    <\/div>\n<\/div>\n<!-- \/module text --><!-- module text -->\n<div  class=\"module module-text tb_b3xx773    hide-desktop hide-tablet hide-tablet_landscape\" data-lazy=\"1\">\n        <div  class=\"tb_text_wrap\">\n        <h2>\u00abCertifica tus habilidades\u00a0 maxifica tus oportunidades<span style=\"font-size: 2.2em; letter-spacing: -0.02em;\">\u00a0<\/span><\/h2>    <\/div>\n<\/div>\n<!-- \/module text -->        <\/div>\n                    <div  data-lazy=\"1\" class=\"module_column tb-column col3-1 tb_xh1771 last\">\n                            <\/div>\n                        <\/div>\n        <\/div>\n                        <div  data-lazy=\"1\" class=\"module_row themify_builder_row tb_a440290 tf_w\">\n                        <div class=\"row_inner col_align_top tb_col_count_1 tf_box tf_rel\">\n                        <div  data-lazy=\"1\" class=\"module_column tb-column col-full tb_uh8x290 first\">\n                    <!-- module fancy heading -->\n<div  class=\"module module-fancy-heading tb_zkho290 \" data-lazy=\"1\">\n        <h3 class=\"fancy-heading tf_textc\">\n    <span class=\"main-head tf_block\">\n                    CERTIFICACIONES            <\/span>\n\n    \n    <span class=\"sub-head tf_block tf_rel\">\n                                <\/span>\n    <\/h3>\n<\/div>\n<!-- \/module fancy heading -->\n        <div  data-lazy=\"1\" class=\"module_subrow themify_builder_sub_row tf_w col_align_top tb_col_count_1 tb_8k98290\">\n                <div  data-lazy=\"1\" class=\"module_column sub_column col-full tb_1pd2290 first\">\n                    <!-- module image -->\n<div  class=\"module module-image tb_1ftj290 image-left   tf_mw tb_gs345da\" data-lazy=\"1\">\n        <div class=\"image-wrap tf_rel tf_mw\">\n            <img loading=\"lazy\" decoding=\"async\" src=\"https:\/\/skilltrainingcertificaciones.cl\/wp-content\/uploads\/2025\/02\/android-chrome-512x512-1-80x80.png\" width=\"80\" height=\"80\" class=\"wp-post-image wp-image-213\" title=\"Evaluaci\u00f3n de Competencias Laborales para Acreditaci\u00f3n Privada.\" alt=\"Evaluamos las Competencias Laborales de sus Trabajadores y Operadores, cumpliendo eficazmente con todos los requisitos legales aplicables, y que son exigidos por las m\u00e1s importantes compa\u00f1\u00edas Mineras de Chile.\" srcset=\"https:\/\/skilltrainingcertificaciones.cl\/wp-content\/uploads\/2025\/02\/android-chrome-512x512-1-80x80.png 80w, https:\/\/skilltrainingcertificaciones.cl\/wp-content\/uploads\/2025\/02\/android-chrome-512x512-1-300x300.png 300w, https:\/\/skilltrainingcertificaciones.cl\/wp-content\/uploads\/2025\/02\/android-chrome-512x512-1-150x150.png 150w, https:\/\/skilltrainingcertificaciones.cl\/wp-content\/uploads\/2025\/02\/android-chrome-512x512-1.png 512w\" sizes=\"auto, (max-width: 80px) 100vw, 80px\" \/>    \n        <\/div>\n    <!-- \/image-wrap -->\n    \n        <div class=\"image-content\">\n                    <h3 class=\"image-title\">\n                                    Evaluaci\u00f3n de Competencias Laborales para Acreditaci\u00f3n Privada.                            <\/h3>\n                        <div class=\"image-caption tb_text_wrap\">\n            Evaluamos las Competencias Laborales de sus Trabajadores y Operadores, cumpliendo eficazmente con todos los requisitos legales aplicables, y que son exigidos por las m\u00e1s importantes compa\u00f1\u00edas Mineras de Chile.        <\/div>\n        <!-- \/image-caption -->\n            <\/div>\n    <!-- \/image-content -->\n        <\/div>\n<!-- \/module image --><!-- module image -->\n<div  class=\"module module-image tb_996d290 image-left   tf_mw tb_gs345da\" data-lazy=\"1\">\n        <div class=\"image-wrap tf_rel tf_mw\">\n            <img loading=\"lazy\" decoding=\"async\" src=\"https:\/\/skilltrainingcertificaciones.cl\/wp-content\/uploads\/2025\/02\/android-chrome-512x512-1-80x80.png\" width=\"80\" height=\"80\" class=\"wp-post-image wp-image-213\" title=\"Gesti\u00f3n Digital de las Competencias Laborales.\" alt=\"Contamos con toda la informaci\u00f3n necesaria para realizar la gesti\u00f3n por Competencias de sus Equipos de Trabajo.\" srcset=\"https:\/\/skilltrainingcertificaciones.cl\/wp-content\/uploads\/2025\/02\/android-chrome-512x512-1-80x80.png 80w, https:\/\/skilltrainingcertificaciones.cl\/wp-content\/uploads\/2025\/02\/android-chrome-512x512-1-300x300.png 300w, https:\/\/skilltrainingcertificaciones.cl\/wp-content\/uploads\/2025\/02\/android-chrome-512x512-1-150x150.png 150w, https:\/\/skilltrainingcertificaciones.cl\/wp-content\/uploads\/2025\/02\/android-chrome-512x512-1.png 512w\" sizes=\"auto, (max-width: 80px) 100vw, 80px\" \/>    \n        <\/div>\n    <!-- \/image-wrap -->\n    \n        <div class=\"image-content\">\n                    <h3 class=\"image-title\">\n                                    Gesti\u00f3n Digital de las Competencias Laborales.                            <\/h3>\n                        <div class=\"image-caption tb_text_wrap\">\n            Contamos con toda la informaci\u00f3n necesaria para realizar la gesti\u00f3n por Competencias de sus Equipos de Trabajo.        <\/div>\n        <!-- \/image-caption -->\n            <\/div>\n    <!-- \/image-content -->\n        <\/div>\n<!-- \/module image --><!-- module image -->\n<div  class=\"module module-image tb_1bub290 image-left   tf_mw tb_gs345da\" data-lazy=\"1\">\n        <div class=\"image-wrap tf_rel tf_mw\">\n            <img loading=\"lazy\" decoding=\"async\" src=\"https:\/\/skilltrainingcertificaciones.cl\/wp-content\/uploads\/2025\/02\/android-chrome-512x512-1-80x80.png\" width=\"80\" height=\"80\" class=\"wp-post-image wp-image-213\" title=\"Certificaci\u00f3n Ley de Competencias Laborales.\" alt=\"Aplicamos los procesos y cumplimos los requisitos establecidos por la Ley 20.267 para Certificar las Competencias Laborales de sus Trabajadores. Certificamos a todos los trabajadores de la industria de la miner\u00eda , transporte y log\u00edstica.\" srcset=\"https:\/\/skilltrainingcertificaciones.cl\/wp-content\/uploads\/2025\/02\/android-chrome-512x512-1-80x80.png 80w, https:\/\/skilltrainingcertificaciones.cl\/wp-content\/uploads\/2025\/02\/android-chrome-512x512-1-300x300.png 300w, https:\/\/skilltrainingcertificaciones.cl\/wp-content\/uploads\/2025\/02\/android-chrome-512x512-1-150x150.png 150w, https:\/\/skilltrainingcertificaciones.cl\/wp-content\/uploads\/2025\/02\/android-chrome-512x512-1.png 512w\" sizes=\"auto, (max-width: 80px) 100vw, 80px\" \/>    \n        <\/div>\n    <!-- \/image-wrap -->\n    \n        <div class=\"image-content\">\n                    <h3 class=\"image-title\">\n                                    Certificaci\u00f3n Ley de Competencias Laborales.                            <\/h3>\n                        <div class=\"image-caption tb_text_wrap\">\n            Aplicamos los procesos y cumplimos los requisitos establecidos por la Ley 20.267 para Certificar las Competencias Laborales de sus Trabajadores. Certificamos a todos los trabajadores de la industria de la miner\u00eda , transporte y log\u00edstica.        <\/div>\n        <!-- \/image-caption -->\n            <\/div>\n    <!-- \/image-content -->\n        <\/div>\n<!-- \/module image -->        <\/div>\n                    <\/div>\n                <\/div>\n                        <\/div>\n        <\/div>\n                        <div  data-lazy=\"1\" class=\"module_row themify_builder_row tb_y5ho874 tf_w\">\n                        <div class=\"row_inner col_align_top tb_col_count_1 tf_box tf_rel\">\n                        <div  data-lazy=\"1\" class=\"module_column tb-column col-full tb_6kwz874 first\">\n                            <\/div>\n                        <\/div>\n        <\/div>\n                        <div  data-lazy=\"1\" class=\"module_row themify_builder_row tb_j7d7724 tf_w\">\n                        <div class=\"row_inner col_align_top tb_col_count_1 tf_box tf_rel\">\n                        <div  data-lazy=\"1\" class=\"module_column tb-column col-full tb_5a4h725 first\">\n                    <!-- module fancy heading -->\n<div  class=\"module module-fancy-heading tb_u4vt445 \" data-lazy=\"1\">\n        <h3 class=\"fancy-heading tf_textc\">\n    <span class=\"main-head tf_block\">\n                    CERTIFICACI\u00d3N LABORAL CHILE VALORA LEY 20.267            <\/span>\n\n    \n    <span class=\"sub-head tf_block tf_rel\">\n                                <\/span>\n    <\/h3>\n<\/div>\n<!-- \/module fancy heading -->\n        <\/div>\n                        <\/div>\n        <\/div>\n                        <div  data-lazy=\"1\" class=\"module_row themify_builder_row tb_hk4k283 tf_w\">\n                        <div class=\"row_inner col_align_top tb_col_count_1 tf_box tf_rel\">\n                        <div  data-lazy=\"1\" class=\"module_column tb-column col-full tb_nbs9283 first\">\n                            <div  data-lazy=\"1\" class=\"module_subrow themify_builder_sub_row tf_w col_align_top tb_col_count_3 tb_720s322\">\n                <div  data-lazy=\"1\" class=\"module_column sub_column col3-1 tb_g5ci322 first\">\n                    <!-- module video -->\n<div  class=\"module module-video tb_fmnu806 video-top  \" data-lazy=\"1\">\n                    <div class=\"video-wrap-outer\">\n            <div class=\"video-wrap tf_rel tf_overflow\">\n                                    <noscript><iframe data-no-script src=\"https:\/\/www.youtube.com\/embed\/4lcPKX1tngg?pip=1&playsinline=1\" allow=\"accelerometer;encrypted-media;gyroscope;picture-in-picture;fullscreen\" class=\"tf_abs tf_w tf_h\"><\/iframe><\/noscript>\n                                <\/div>\n            <!-- \/video-wrap -->\n        <\/div>\n        <!-- \/video-wrap-outer -->\n            <\/div>\n        <\/div>\n                    <div  data-lazy=\"1\" class=\"module_column sub_column col3-1 tb_89li322\">\n                    <!-- module video -->\n<div  class=\"module module-video tb_9cfp191 video-top  \" data-lazy=\"1\">\n                    <div class=\"video-wrap-outer\">\n            <div class=\"video-wrap tf_rel tf_overflow\">\n                                    <noscript><iframe data-no-script src=\"https:\/\/www.youtube.com\/embed\/Lv06XYw8W3Y?pip=1&playsinline=1\" allow=\"accelerometer;encrypted-media;gyroscope;picture-in-picture;fullscreen\" class=\"tf_abs tf_w tf_h\"><\/iframe><\/noscript>\n                                <\/div>\n            <!-- \/video-wrap -->\n        <\/div>\n        <!-- \/video-wrap-outer -->\n            <\/div>\n        <\/div>\n                    <div  data-lazy=\"1\" class=\"module_column sub_column col3-1 tb_vxdh322 last\">\n                    <!-- module video -->\n<div  class=\"module module-video tb_ysed683 video-top  \" data-lazy=\"1\">\n                    <div class=\"video-wrap-outer\">\n            <div class=\"video-wrap tf_rel tf_overflow\">\n                                    <noscript><iframe data-no-script src=\"https:\/\/www.youtube.com\/embed\/PY3dSHDdtMs?pip=1&playsinline=1\" allow=\"accelerometer;encrypted-media;gyroscope;picture-in-picture;fullscreen\" class=\"tf_abs tf_w tf_h\"><\/iframe><\/noscript>\n                                <\/div>\n            <!-- \/video-wrap -->\n        <\/div>\n        <!-- \/video-wrap-outer -->\n            <\/div>\n        <\/div>\n                    <\/div>\n                <\/div>\n                        <\/div>\n        <\/div>\n                        <div  data-lazy=\"1\" class=\"module_row themify_builder_row tb_hylg999 tf_w\">\n                        <div class=\"row_inner col_align_top tb_col_count_1 tf_box tf_rel\">\n                        <div  data-lazy=\"1\" class=\"module_column tb-column col-full tb_xkoj1 first\">\n                    <!-- module template_part -->\n<div  class=\"module module-layout-part tb_7fiw374 \">\n    <div class=\"tb_layout_part_wrap tf_w\"><!--themify_builder_content-->\n    <div  class=\"themify_builder_content themify_builder_content-141 themify_builder not_editable_builder in_the_loop\" data-postid=\"141\">\n                        <div  data-lazy=\"1\" class=\"module_row themify_builder_row tb_0l7c330 tf_w\">\n                        <div class=\"row_inner col_align_top tb_col_count_1 tf_box tf_rel\">\n                        <div  data-lazy=\"1\" class=\"module_column tb-column col-full tb_bf9a331 first\">\n                    <!-- module fancy heading -->\n<div  class=\"module module-fancy-heading tb_kg96331 \" data-lazy=\"1\">\n        <h3 class=\"fancy-heading tf_textc\">\n    <span class=\"main-head tf_block\">\n                    Nuestros Clientes            <\/span>\n\n    \n    <span class=\"sub-head tf_block tf_rel\">\n                                <\/span>\n    <\/h3>\n<\/div>\n<!-- \/module fancy heading -->\n        <div  data-lazy=\"1\" class=\"module_subrow themify_builder_sub_row tf_w col_align_top tb_col_count_3 tb_wda5332\">\n                <div  data-lazy=\"1\" class=\"module_column sub_column col3-1 tb_b3v9332 first\">\n                    <!-- module image -->\n<div  class=\"module module-image tb_76f8333 image-center   tf_mw tb_gs345da\" data-lazy=\"1\">\n        <div class=\"image-wrap tf_rel tf_mw\">\n            <img loading=\"lazy\" decoding=\"async\" src=\"https:\/\/skilltrainingcertificaciones.cl\/wp-content\/uploads\/2025\/02\/cropped-GEOTEC-Logo-OK-400x220.png\" width=\"400\" height=\"220\" class=\"wp-post-image wp-image-599\" title=\"cropped-GEOTEC-Logo-OK\" alt=\"cropped-GEOTEC-Logo-OK\">    \n        <\/div>\n    <!-- \/image-wrap -->\n    \n        <\/div>\n<!-- \/module image -->        <\/div>\n                    <div  data-lazy=\"1\" class=\"module_column sub_column col3-1 tb_obuf333\">\n                    <!-- module image -->\n<div  class=\"module module-image tb_jobp333 image-center   tf_mw tb_gs345da\" data-lazy=\"1\">\n        <div class=\"image-wrap tf_rel tf_mw\">\n            <img loading=\"lazy\" decoding=\"async\" src=\"https:\/\/skilltrainingcertificaciones.cl\/wp-content\/uploads\/2025\/02\/DCT_logo_head_02-300x200.png\" width=\"300\" height=\"200\" class=\"wp-post-image wp-image-600\" title=\"DCT_logo_head_02\" alt=\"DCT_logo_head_02\">    \n        <\/div>\n    <!-- \/image-wrap -->\n    \n        <\/div>\n<!-- \/module image -->        <\/div>\n                    <div  data-lazy=\"1\" class=\"module_column sub_column col3-1 tb_myfp334 last\">\n                    <!-- module image -->\n<div  class=\"module module-image tb_inj1334 image-center   tf_mw tb_gs345da\" data-lazy=\"1\">\n        <div class=\"image-wrap tf_rel tf_mw\">\n            <img loading=\"lazy\" decoding=\"async\" src=\"https:\/\/skilltrainingcertificaciones.cl\/wp-content\/uploads\/2025\/02\/MDF-contact2-300x200.png\" width=\"300\" height=\"200\" class=\"wp-post-image wp-image-601\" title=\"MDF-contact2\" alt=\"MDF-contact2\">    \n        <\/div>\n    <!-- \/image-wrap -->\n    \n        <\/div>\n<!-- \/module image -->        <\/div>\n                    <\/div>\n                <\/div>\n                        <\/div>\n        <\/div>\n            <\/div>\n<!--\/themify_builder_content--><\/div>\n<\/div>\n<!-- \/module template_part -->        <\/div>\n                        <\/div>\n        <\/div>\n        <\/div>\n<!--\/themify_builder_content-->","protected":false},"excerpt":{"rendered":"<p>\u00abCertifica tus habilidades maxifica tus oportunidades\u00bb<\/p>\n","protected":false},"author":1,"featured_media":0,"parent":0,"menu_order":0,"comment_status":"closed","ping_status":"closed","template":"","meta":{"footnotes":""},"class_list":["post-151","page","type-page","status-publish","hentry","has-post-title","has-post-date","has-post-category","has-post-tag","has-post-comment","has-post-author",""],"builder_content":"<h1>\"Certifica tus habilidades maxifica tus oportunidades\"<\/h1>\n<h2>\"Certifica tus habilidades\u00a0 maxifica tus oportunidades\u00a0<\/h2>\n<h3>CERTIFICACIONES<br\/><\/h3>\n<img src=\"https:\/\/skilltrainingcertificaciones.cl\/wp-content\/uploads\/2025\/02\/android-chrome-512x512-1-80x80.png\" width=\"80\" height=\"80\" title=\"Evaluaci\u00f3n de Competencias Laborales para Acreditaci\u00f3n Privada.\" alt=\"Evaluamos las Competencias Laborales de sus Trabajadores y Operadores, cumpliendo eficazmente con todos los requisitos legales aplicables, y que son exigidos por las m\u00e1s importantes compa\u00f1\u00edas Mineras de Chile.\" srcset=\"https:\/\/skilltrainingcertificaciones.cl\/wp-content\/uploads\/2025\/02\/android-chrome-512x512-1-80x80.png 80w, https:\/\/skilltrainingcertificaciones.cl\/wp-content\/uploads\/2025\/02\/android-chrome-512x512-1-300x300.png 300w, https:\/\/skilltrainingcertificaciones.cl\/wp-content\/uploads\/2025\/02\/android-chrome-512x512-1-150x150.png 150w, https:\/\/skilltrainingcertificaciones.cl\/wp-content\/uploads\/2025\/02\/android-chrome-512x512-1.png 512w\" sizes=\"(max-width: 80px) 100vw, 80px\" \/> <h3> Evaluaci\u00f3n de Competencias Laborales para Acreditaci\u00f3n Privada. <\/h3> Evaluamos las Competencias Laborales de sus Trabajadores y Operadores, cumpliendo eficazmente con todos los requisitos legales aplicables, y que son exigidos por las m\u00e1s importantes compa\u00f1\u00edas Mineras de Chile.\n<img src=\"https:\/\/skilltrainingcertificaciones.cl\/wp-content\/uploads\/2025\/02\/android-chrome-512x512-1-80x80.png\" width=\"80\" height=\"80\" title=\"Gesti\u00f3n Digital de las Competencias Laborales.\" alt=\"Contamos con toda la informaci\u00f3n necesaria para realizar la gesti\u00f3n por Competencias de sus Equipos de Trabajo.\" srcset=\"https:\/\/skilltrainingcertificaciones.cl\/wp-content\/uploads\/2025\/02\/android-chrome-512x512-1-80x80.png 80w, https:\/\/skilltrainingcertificaciones.cl\/wp-content\/uploads\/2025\/02\/android-chrome-512x512-1-300x300.png 300w, https:\/\/skilltrainingcertificaciones.cl\/wp-content\/uploads\/2025\/02\/android-chrome-512x512-1-150x150.png 150w, https:\/\/skilltrainingcertificaciones.cl\/wp-content\/uploads\/2025\/02\/android-chrome-512x512-1.png 512w\" sizes=\"(max-width: 80px) 100vw, 80px\" \/> <h3> Gesti\u00f3n Digital de las Competencias Laborales. <\/h3> Contamos con toda la informaci\u00f3n necesaria para realizar la gesti\u00f3n por Competencias de sus Equipos de Trabajo.\n<img src=\"https:\/\/skilltrainingcertificaciones.cl\/wp-content\/uploads\/2025\/02\/android-chrome-512x512-1-80x80.png\" width=\"80\" height=\"80\" title=\"Certificaci\u00f3n Ley de Competencias Laborales.\" alt=\"Aplicamos los procesos y cumplimos los requisitos establecidos por la Ley 20.267 para Certificar las Competencias Laborales de sus Trabajadores. Certificamos a todos los trabajadores de la industria de la miner\u00eda , transporte y log\u00edstica.\" srcset=\"https:\/\/skilltrainingcertificaciones.cl\/wp-content\/uploads\/2025\/02\/android-chrome-512x512-1-80x80.png 80w, https:\/\/skilltrainingcertificaciones.cl\/wp-content\/uploads\/2025\/02\/android-chrome-512x512-1-300x300.png 300w, https:\/\/skilltrainingcertificaciones.cl\/wp-content\/uploads\/2025\/02\/android-chrome-512x512-1-150x150.png 150w, https:\/\/skilltrainingcertificaciones.cl\/wp-content\/uploads\/2025\/02\/android-chrome-512x512-1.png 512w\" sizes=\"(max-width: 80px) 100vw, 80px\" \/> <h3> Certificaci\u00f3n Ley de Competencias Laborales. <\/h3> Aplicamos los procesos y cumplimos los requisitos establecidos por la Ley 20.267 para Certificar las Competencias Laborales de sus Trabajadores. Certificamos a todos los trabajadores de la industria de la miner\u00eda , transporte y log\u00edstica.\n<h3>CERTIFICACI\u00d3N LABORAL CHILE VALORA LEY 20.267<br\/><\/h3>\n[embed]https:\/\/www.youtube.com\/watch?v=4lcPKX1tngg[\/embed]\n[embed]https:\/\/www.youtube.com\/watch?v=Lv06XYw8W3Y[\/embed]\n[embed]https:\/\/www.youtube.com\/watch?v=PY3dSHDdtMs[\/embed]","_links":{"self":[{"href":"https:\/\/skilltrainingcertificaciones.cl\/index.php\/wp-json\/wp\/v2\/pages\/151","targetHints":{"allow":["GET"]}}],"collection":[{"href":"https:\/\/skilltrainingcertificaciones.cl\/index.php\/wp-json\/wp\/v2\/pages"}],"about":[{"href":"https:\/\/skilltrainingcertificaciones.cl\/index.php\/wp-json\/wp\/v2\/types\/page"}],"author":[{"embeddable":true,"href":"https:\/\/skilltrainingcertificaciones.cl\/index.php\/wp-json\/wp\/v2\/users\/1"}],"replies":[{"embeddable":true,"href":"https:\/\/skilltrainingcertificaciones.cl\/index.php\/wp-json\/wp\/v2\/comments?post=151"}],"version-history":[{"count":226,"href":"https:\/\/skilltrainingcertificaciones.cl\/index.php\/wp-json\/wp\/v2\/pages\/151\/revisions"}],"predecessor-version":[{"id":761,"href":"https:\/\/skilltrainingcertificaciones.cl\/index.php\/wp-json\/wp\/v2\/pages\/151\/revisions\/761"}],"wp:attachment":[{"href":"https:\/\/skilltrainingcertificaciones.cl\/index.php\/wp-json\/wp\/v2\/media?parent=151"}],"curies":[{"name":"wp","href":"https:\/\/api.w.org\/{rel}","templated":true}]}}