{"id":149,"date":"2019-11-16T02:15:12","date_gmt":"2019-11-16T02:15:12","guid":{"rendered":"https:\/\/skilltrainingcertificaciones.cl\/index.php\/projects\/"},"modified":"2025-02-20T00:04:20","modified_gmt":"2025-02-20T00:04:20","slug":"certificaciones","status":"publish","type":"page","link":"https:\/\/skilltrainingcertificaciones.cl\/index.php\/certificaciones\/","title":{"rendered":"Certificaciones"},"content":{"rendered":"<!--themify_builder_content-->\n<div id=\"themify_builder_content-149\" data-postid=\"149\" class=\"themify_builder_content themify_builder_content-149 themify_builder tf_clear\">\n                    <div  data-lazy=\"1\" class=\"module_row themify_builder_row tb_37x879 tb_first tf_w\">\n            <span class=\"builder_row_cover tf_abs\"><\/span>            <div class=\"row_inner col_align_top tb_col_count_2 tf_box tf_rel\">\n                        <div  data-lazy=\"1\" class=\"module_column tb-column col3-2 tb_isg080 first\">\n                    <!-- module text -->\n<div  class=\"module module-text tb_bkr181   \" data-lazy=\"1\">\n        <div  class=\"tb_text_wrap\">\n        <h1>Certificaciones<\/h1>    <\/div>\n<\/div>\n<!-- \/module text -->        <\/div>\n                    <div  data-lazy=\"1\" class=\"module_column tb-column col3-1 tb_pear81 last\">\n                            <\/div>\n                        <\/div>\n        <\/div>\n                        <div  data-lazy=\"1\" class=\"module_row themify_builder_row tb_dshh474 tf_w\">\n                        <div class=\"row_inner col_align_top tb_col_count_1 tf_box tf_rel\">\n                        <div  data-lazy=\"1\" class=\"module_column tb-column col-full tb_gafv319 first\">\n                    <!-- module fancy heading -->\n<div  class=\"module module-fancy-heading tb_zpvn319 \" data-lazy=\"1\">\n        <h3 class=\"fancy-heading tf_textc\">\n    <span class=\"main-head tf_block\">\n                    Certificaci\u00f3n en las \u00e1reas de Miner\u00eda Met\u00e1lica            <\/span>\n\n    \n    <span class=\"sub-head tf_block tf_rel\">\n                                <\/span>\n    <\/h3>\n<\/div>\n<!-- \/module fancy heading -->\n        <div  data-lazy=\"1\" class=\"module_subrow themify_builder_sub_row tf_w col_align_top tb_col_count_3 tb_bupl319\">\n                <div  data-lazy=\"1\" class=\"module_column sub_column col3-1 tb_l5ve319 first\">\n                    <!-- module image -->\n<div  class=\"module module-image tb_6ws7319 image-center   tf_mw\" data-lazy=\"1\">\n        <div class=\"image-wrap tf_rel tf_mw\">\n            <a href=\"https:\/\/skilltrainingcertificaciones.cl\/index.php\/perfiles-de-transportes-de-carga\/\">\n                   <img loading=\"lazy\" decoding=\"async\" src=\"https:\/\/skilltrainingcertificaciones.cl\/wp-content\/uploads\/2025\/02\/transporte-de-carga-1024x368-400x200.jpg\" width=\"400\" height=\"200\" class=\"wp-post-image wp-image-714\" title=\"transporte-de-carga\" alt=\"transporte-de-carga\">        <\/a>\n    \n        <\/div>\n    <!-- \/image-wrap -->\n    \n        <\/div>\n<!-- \/module image --><!-- module text -->\n<div  class=\"module module-text tb_k6he319    tb_gs345da\" data-lazy=\"1\">\n        <div  class=\"tb_text_wrap\">\n        <h3 style=\"text-align: center;\"><strong>Perfiles de transportes de carga<\/strong><\/h3>    <\/div>\n<\/div>\n<!-- \/module text -->        <\/div>\n                    <div  data-lazy=\"1\" class=\"module_column sub_column col3-1 tb_9ojl319\">\n                    <!-- module image -->\n<div  class=\"module module-image tb_9bil319 image-center   tf_mw\" data-lazy=\"1\">\n        <div class=\"image-wrap tf_rel tf_mw\">\n            <a href=\"https:\/\/skilltrainingcertificaciones.cl\/index.php\/perfiles-de-izaje\/\">\n                   <img loading=\"lazy\" decoding=\"async\" src=\"https:\/\/skilltrainingcertificaciones.cl\/wp-content\/uploads\/2025\/02\/perfiles-de-izaje-1024x368-400x200.jpg\" width=\"400\" height=\"200\" class=\"wp-post-image wp-image-718\" title=\"perfiles-de-izaje\" alt=\"perfiles-de-izaje\">        <\/a>\n    \n        <\/div>\n    <!-- \/image-wrap -->\n    \n        <\/div>\n<!-- \/module image --><!-- module text -->\n<div  class=\"module module-text tb_zouw319    tb_gs345da\" data-lazy=\"1\">\n        <div  class=\"tb_text_wrap\">\n        <h3>Perfiles de Izaje<\/h3>\n    <\/div>\n<\/div>\n<!-- \/module text -->        <\/div>\n                    <div  data-lazy=\"1\" class=\"module_column sub_column col3-1 tb_kaun319 last\">\n                    <!-- module image -->\n<div  class=\"module module-image tb_jkxj319 image-center   tf_mw\" data-lazy=\"1\">\n        <div class=\"image-wrap tf_rel tf_mw\">\n            <a href=\"https:\/\/skilltrainingcertificaciones.cl\/index.php\/perfiles-de-movimiento-de-tierra\/\">\n                   <img loading=\"lazy\" decoding=\"async\" src=\"https:\/\/skilltrainingcertificaciones.cl\/wp-content\/uploads\/2025\/02\/movimiento-de-tierra-1024x368-400x200.jpg\" width=\"400\" height=\"200\" class=\"wp-post-image wp-image-724\" title=\"movimiento-de-tierra\" alt=\"movimiento-de-tierra\">        <\/a>\n    \n        <\/div>\n    <!-- \/image-wrap -->\n    \n        <\/div>\n<!-- \/module image --><!-- module text -->\n<div  class=\"module module-text tb_8efo319    tb_gs345da\" data-lazy=\"1\">\n        <div  class=\"tb_text_wrap\">\n        <h3>Perfiles de movimiento de tierra<\/h3>\n    <\/div>\n<\/div>\n<!-- \/module text -->        <\/div>\n                    <\/div>\n                <div  data-lazy=\"1\" class=\"module_subrow themify_builder_sub_row tf_w col_align_top tb_col_count_2 tb_a20k319\">\n                <div  data-lazy=\"1\" class=\"module_column sub_column col4-2 tb_4rim319 first\">\n                    <!-- module image -->\n<div  class=\"module module-image tb_siuo319 image-center   tf_mw\" data-lazy=\"1\">\n        <div class=\"image-wrap tf_rel tf_mw\">\n            <a href=\"https:\/\/skilltrainingcertificaciones.cl\/index.php\/perfiles-de-trabajo-en-altura-levante-de-personas\/\">\n                   <img loading=\"lazy\" decoding=\"async\" src=\"https:\/\/skilltrainingcertificaciones.cl\/wp-content\/uploads\/2025\/02\/trabajo-en-altura-1024x368-400x200.jpg\" width=\"400\" height=\"200\" class=\"wp-post-image wp-image-727\" title=\"trabajo-en-altura\" alt=\"trabajo-en-altura\">        <\/a>\n    \n        <\/div>\n    <!-- \/image-wrap -->\n    \n        <\/div>\n<!-- \/module image --><!-- module text -->\n<div  class=\"module module-text tb_8zr0319    tb_gs345da\" data-lazy=\"1\">\n        <div  class=\"tb_text_wrap\">\n        <h3 style=\"text-align: center;\">Perfiles de trabajo en altura\/ Levante de personas<\/h3>\n    <\/div>\n<\/div>\n<!-- \/module text -->        <\/div>\n                    <div  data-lazy=\"1\" class=\"module_column sub_column col4-2 tb_lgct319 last\">\n                    <!-- module image -->\n<div  class=\"module module-image tb_r2cb319 image-center   tf_mw\" data-lazy=\"1\">\n        <div class=\"image-wrap tf_rel tf_mw\">\n            <a href=\"https:\/\/skilltrainingcertificaciones.cl\/index.php\/perfiles-de-perforacion\/\">\n                   <img loading=\"lazy\" decoding=\"async\" src=\"https:\/\/skilltrainingcertificaciones.cl\/wp-content\/uploads\/2025\/02\/perforacion2-1024x674-400x200.jpg\" width=\"400\" height=\"200\" class=\"wp-post-image wp-image-767\" title=\"perforacion2\" alt=\"perforacion2\">        <\/a>\n    \n        <\/div>\n    <!-- \/image-wrap -->\n    \n        <\/div>\n<!-- \/module image --><!-- module text -->\n<div  class=\"module module-text tb_hxa7319    tb_gs345da\" data-lazy=\"1\">\n        <div  class=\"tb_text_wrap\">\n        <h3>Perfiles de perforaci\u00f3n<\/h3>\n    <\/div>\n<\/div>\n<!-- \/module text -->        <\/div>\n                    <\/div>\n                <\/div>\n                        <\/div>\n        <\/div>\n                        <div  data-lazy=\"1\" class=\"module_row themify_builder_row tb_1qzp203 tf_w\">\n                        <div class=\"row_inner col_align_top tb_col_count_1 tf_box tf_rel\">\n                        <div  data-lazy=\"1\" class=\"module_column tb-column col-full tb_gep9203 first\">\n                    <!-- module template_part -->\n<div  class=\"module module-layout-part tb_6qof19 \">\n    <div class=\"tb_layout_part_wrap tf_w\"><!--themify_builder_content-->\n    <div  class=\"themify_builder_content themify_builder_content-141 themify_builder not_editable_builder in_the_loop\" data-postid=\"141\">\n                        <div  data-lazy=\"1\" class=\"module_row themify_builder_row tb_0l7c330 tf_w\">\n                        <div class=\"row_inner col_align_top tb_col_count_1 tf_box tf_rel\">\n                        <div  data-lazy=\"1\" class=\"module_column tb-column col-full tb_bf9a331 first\">\n                    <!-- module fancy heading -->\n<div  class=\"module module-fancy-heading tb_kg96331 \" data-lazy=\"1\">\n        <h3 class=\"fancy-heading tf_textc\">\n    <span class=\"main-head tf_block\">\n                    Nuestros Clientes            <\/span>\n\n    \n    <span class=\"sub-head tf_block tf_rel\">\n                                <\/span>\n    <\/h3>\n<\/div>\n<!-- \/module fancy heading -->\n        <div  data-lazy=\"1\" class=\"module_subrow themify_builder_sub_row tf_w col_align_top tb_col_count_3 tb_wda5332\">\n                <div  data-lazy=\"1\" class=\"module_column sub_column col3-1 tb_b3v9332 first\">\n                    <!-- module image -->\n<div  class=\"module module-image tb_76f8333 image-center   tf_mw tb_gs345da\" data-lazy=\"1\">\n        <div class=\"image-wrap tf_rel tf_mw\">\n            <img loading=\"lazy\" decoding=\"async\" src=\"https:\/\/skilltrainingcertificaciones.cl\/wp-content\/uploads\/2025\/02\/cropped-GEOTEC-Logo-OK-400x220.png\" width=\"400\" height=\"220\" class=\"wp-post-image wp-image-599\" title=\"cropped-GEOTEC-Logo-OK\" alt=\"cropped-GEOTEC-Logo-OK\">    \n        <\/div>\n    <!-- \/image-wrap -->\n    \n        <\/div>\n<!-- \/module image -->        <\/div>\n                    <div  data-lazy=\"1\" class=\"module_column sub_column col3-1 tb_obuf333\">\n                    <!-- module image -->\n<div  class=\"module module-image tb_jobp333 image-center   tf_mw tb_gs345da\" data-lazy=\"1\">\n        <div class=\"image-wrap tf_rel tf_mw\">\n            <img loading=\"lazy\" decoding=\"async\" src=\"https:\/\/skilltrainingcertificaciones.cl\/wp-content\/uploads\/2025\/02\/DCT_logo_head_02-300x200.png\" width=\"300\" height=\"200\" class=\"wp-post-image wp-image-600\" title=\"DCT_logo_head_02\" alt=\"DCT_logo_head_02\">    \n        <\/div>\n    <!-- \/image-wrap -->\n    \n        <\/div>\n<!-- \/module image -->        <\/div>\n                    <div  data-lazy=\"1\" class=\"module_column sub_column col3-1 tb_myfp334 last\">\n                    <!-- module image -->\n<div  class=\"module module-image tb_inj1334 image-center   tf_mw tb_gs345da\" data-lazy=\"1\">\n        <div class=\"image-wrap tf_rel tf_mw\">\n            <img loading=\"lazy\" decoding=\"async\" src=\"https:\/\/skilltrainingcertificaciones.cl\/wp-content\/uploads\/2025\/02\/MDF-contact2-300x200.png\" width=\"300\" height=\"200\" class=\"wp-post-image wp-image-601\" title=\"MDF-contact2\" alt=\"MDF-contact2\">    \n        <\/div>\n    <!-- \/image-wrap -->\n    \n        <\/div>\n<!-- \/module image -->        <\/div>\n                    <\/div>\n                <\/div>\n                        <\/div>\n        <\/div>\n            <\/div>\n<!--\/themify_builder_content--><\/div>\n<\/div>\n<!-- \/module template_part -->        <\/div>\n                        <\/div>\n        <\/div>\n        <\/div>\n<!--\/themify_builder_content-->","protected":false},"excerpt":{"rendered":"<p>Certificaciones<\/p>\n","protected":false},"author":1,"featured_media":0,"parent":0,"menu_order":0,"comment_status":"closed","ping_status":"closed","template":"","meta":{"footnotes":""},"class_list":["post-149","page","type-page","status-publish","hentry","has-post-title","has-post-date","has-post-category","has-post-tag","has-post-comment","has-post-author",""],"builder_content":"<h1>Certificaciones<\/h1>\n<h3>Certificaci\u00f3n en las \u00e1reas de Miner\u00eda Met\u00e1lica<br\/><\/h3>\n<a href=\"https:\/\/skilltrainingcertificaciones.cl\/index.php\/perfiles-de-transportes-de-carga\/\"> <img src=\"https:\/\/skilltrainingcertificaciones.cl\/wp-content\/uploads\/2025\/02\/transporte-de-carga-1024x368-400x200.jpg\" width=\"400\" height=\"200\" title=\"transporte-de-carga\" alt=\"transporte-de-carga\"> <\/a>\n<h3 style=\"text-align: center;\"><strong>Perfiles de transportes de carga<\/strong><\/h3>\n<a href=\"https:\/\/skilltrainingcertificaciones.cl\/index.php\/perfiles-de-izaje\/\"> <img src=\"https:\/\/skilltrainingcertificaciones.cl\/wp-content\/uploads\/2025\/02\/perfiles-de-izaje-1024x368-400x200.jpg\" width=\"400\" height=\"200\" title=\"perfiles-de-izaje\" alt=\"perfiles-de-izaje\"> <\/a>\n<h3>Perfiles de Izaje<\/h3>\n<a href=\"https:\/\/skilltrainingcertificaciones.cl\/index.php\/perfiles-de-movimiento-de-tierra\/\"> <img src=\"https:\/\/skilltrainingcertificaciones.cl\/wp-content\/uploads\/2025\/02\/movimiento-de-tierra-1024x368-400x200.jpg\" width=\"400\" height=\"200\" title=\"movimiento-de-tierra\" alt=\"movimiento-de-tierra\"> <\/a>\n<h3>Perfiles de movimiento de tierra<\/h3>\n<a href=\"https:\/\/skilltrainingcertificaciones.cl\/index.php\/perfiles-de-trabajo-en-altura-levante-de-personas\/\"> <img src=\"https:\/\/skilltrainingcertificaciones.cl\/wp-content\/uploads\/2025\/02\/trabajo-en-altura-1024x368-400x200.jpg\" width=\"400\" height=\"200\" title=\"trabajo-en-altura\" alt=\"trabajo-en-altura\"> <\/a>\n<h3 style=\"text-align: center;\">Perfiles de trabajo en altura\/ Levante de personas<\/h3>\n<a href=\"https:\/\/skilltrainingcertificaciones.cl\/index.php\/perfiles-de-perforacion\/\"> <img src=\"https:\/\/skilltrainingcertificaciones.cl\/wp-content\/uploads\/2025\/02\/perforacion2-1024x674-400x200.jpg\" width=\"400\" height=\"200\" title=\"perforacion2\" alt=\"perforacion2\"> <\/a>\n<h3>Perfiles de perforaci\u00f3n<\/h3>","_links":{"self":[{"href":"https:\/\/skilltrainingcertificaciones.cl\/index.php\/wp-json\/wp\/v2\/pages\/149","targetHints":{"allow":["GET"]}}],"collection":[{"href":"https:\/\/skilltrainingcertificaciones.cl\/index.php\/wp-json\/wp\/v2\/pages"}],"about":[{"href":"https:\/\/skilltrainingcertificaciones.cl\/index.php\/wp-json\/wp\/v2\/types\/page"}],"author":[{"embeddable":true,"href":"https:\/\/skilltrainingcertificaciones.cl\/index.php\/wp-json\/wp\/v2\/users\/1"}],"replies":[{"embeddable":true,"href":"https:\/\/skilltrainingcertificaciones.cl\/index.php\/wp-json\/wp\/v2\/comments?post=149"}],"version-history":[{"count":38,"href":"https:\/\/skilltrainingcertificaciones.cl\/index.php\/wp-json\/wp\/v2\/pages\/149\/revisions"}],"predecessor-version":[{"id":774,"href":"https:\/\/skilltrainingcertificaciones.cl\/index.php\/wp-json\/wp\/v2\/pages\/149\/revisions\/774"}],"wp:attachment":[{"href":"https:\/\/skilltrainingcertificaciones.cl\/index.php\/wp-json\/wp\/v2\/media?parent=149"}],"curies":[{"name":"wp","href":"https:\/\/api.w.org\/{rel}","templated":true}]}}